{"id":24,"date":"2024-09-25T16:07:15","date_gmt":"2024-09-25T14:07:15","guid":{"rendered":"https:\/\/webs.digitalpbs.com\/muge\/?page_id=24"},"modified":"2024-10-21T02:19:10","modified_gmt":"2024-10-21T00:19:10","slug":"contacto","status":"publish","type":"page","link":"https:\/\/muge.com.ar\/en\/contacto\/","title":{"rendered":"Contact"},"content":{"rendered":"<p>[et_pb_section fb_built=\u00bb1&#8243; _builder_version=\u00bb4.27.0&#8243; _module_preset=\u00bbdefault\u00bb background_color=\u00bbrgba(0,0,0,0.9)\u00bb global_colors_info=\u00bb{}\u00bb][et_pb_row column_structure=\u00bb1_2,1_2&#8243; use_custom_gutter=\u00bbon\u00bb gutter_width=\u00bb1&#8243; make_equal=\u00bbon\u00bb _builder_version=\u00bb4.27.0&#8243; _module_preset=\u00bbdefault\u00bb background_color=\u00bb#000000&#8243; width=\u00bb90%\u00bb max_width=\u00bb1366px\u00bb custom_padding=\u00bb0px||0px||true|false\u00bb global_colors_info=\u00bb{}\u00bb][et_pb_column type=\u00bb1_2&#8243; _builder_version=\u00bb4.27.0&#8243; _module_preset=\u00bbdefault\u00bb custom_padding=\u00bb35px|||40px|false|false\u00bb global_colors_info=\u00bb{}\u00bb][et_pb_text _builder_version=\u00bb4.27.0&#8243; _module_preset=\u00bbdefault\u00bb text_font=\u00bbCormorant SC||||||||\u00bb text_text_color=\u00bb#FFFFFF\u00bb text_font_size=\u00bb36px\u00bb text_letter_spacing=\u00bb1px\u00bb global_colors_info=\u00bb{}\u00bb]<\/p>\n<p><strong>CONTACT US<\/strong><\/p>\n<p>[\/et_pb_text][et_pb_text _builder_version=\u00bb4.27.0&#8243; _module_preset=\u00bbdefault\u00bb text_font=\u00bbLato||||||||\u00bb text_text_color=\u00bbrgba(255,255,255,0.75)\u00bb text_font_size=\u00bb18px\u00bb max_width=\u00bb81%\u00bb custom_margin=\u00bb||20px|||\u00bb custom_padding=\u00bb25px||0px||false|false\u00bb global_colors_info=\u00bb{}\u00bb]<\/p>\n<p>Muge is an Argentine company with more than 30 years of experience in the premium beef market, supplying the local market and with a presence in more than 30 countries around the world.<\/p>\n<p>[\/et_pb_text][et_pb_social_media_follow _builder_version=\u00bb4.27.0&#8243; _module_preset=\u00bbdefault\u00bb text_orientation=\u00bbleft\u00bb max_width=\u00bb110px\u00bb max_width_last_edited=\u00bboff|phone\u00bb module_alignment=\u00bbleft\u00bb custom_margin=\u00bb||10px|||\u00bb module_alignment_phone=\u00bbcenter\u00bb module_alignment_last_edited=\u00bboff|phone\u00bb locked=\u00bboff\u00bb global_colors_info=\u00bb{}\u00bb custom_css_main_element_last_edited=\u00bbon|phone\u00bb custom_css_main_element_phone=\u00bbmargin-left: 3% !important; \u00ab][et_pb_social_media_follow_network social_network=\u00bbfacebook\u00bb url=\u00bbhttps:\/\/www.facebook.com\/profile.php?id=100080780825388&#8243; _builder_version=\u00bb4.27.0&#8243; _module_preset=\u00bbdefault\u00bb background_color=\u00bb#90705c\u00bb background_enable_color=\u00bbon\u00bb global_colors_info=\u00bb{}\u00bb follow_button=\u00bboff\u00bb url_new_window=\u00bbon\u00bb]facebook[\/et_pb_social_media_follow_network][et_pb_social_media_follow_network social_network=\u00bbinstagram\u00bb url=\u00bbhttps:\/\/www.instagram.com\/muge_carnes\/?hl=en\u00bb _builder_version=\u00bb4.27.0&#8243; _module_preset=\u00bbdefault\u00bb background_color=\u00bb#90705c\u00bb background_enable_color=\u00bbon\u00bb global_colors_info=\u00bb{}\u00bb follow_button=\u00bboff\u00bb url_new_window=\u00bbon\u00bb]instagram[\/et_pb_social_media_follow_network][et_pb_social_media_follow_network social_network=\u00bbwhatsapp\u00bb url=\u00bbhttps:\/\/api.whatsapp.com\/send\/?phone=5491144005000&#038;text&#038;type=phone_number&#038;app_absent=0&#8243; _builder_version=\u00bb4.27.0&#8243; _module_preset=\u00bbdefault\u00bb background_color=\u00bb#90705c\u00bb background_enable_color=\u00bbon\u00bb global_colors_info=\u00bb{}\u00bb follow_button=\u00bboff\u00bb url_new_window=\u00bbon\u00bb]whatsapp[\/et_pb_social_media_follow_network][\/et_pb_social_media_follow][et_pb_blurb title=\u00bb+54 9 11 5586-9801&#8243; url=\u00bbtel:5491155869801&#8243; url_new_window=\u00bbon\u00bb use_icon=\u00bbon\u00bb font_icon=\u00bb&#xf879;||fa||900&#8243; icon_color=\u00bb#90705c\u00bb icon_placement=\u00bbleft\u00bb image_icon_width=\u00bb18px\u00bb content_max_width_tablet=\u00bb214px\u00bb content_max_width_phone=\u00bb214px\u00bb content_max_width_last_edited=\u00bbon|phone\u00bb admin_label=\u00bbAnuncio\u00bb _builder_version=\u00bb4.27.0&#8243; _module_preset=\u00bbdefault\u00bb header_font=\u00bbLato|500|||||||\u00bb header_text_color=\u00bb#90705c\u00bb header_font_size=\u00bb16px\u00bb header_letter_spacing=\u00bb1px\u00bb image_icon_custom_margin=\u00bb-3px||||false|false\u00bb image_icon_custom_padding=\u00bb|0px|||false|false\u00bb max_width=\u00bb214px\u00bb module_alignment=\u00bbleft\u00bb custom_margin=\u00bb||4px|0px|false|false\u00bb custom_margin_tablet=\u00bb||4px|0px|false|false\u00bb custom_margin_phone=\u00bb||4px||false|false\u00bb custom_margin_last_edited=\u00bbon|phone\u00bb custom_padding=\u00bb|||0px|false|false\u00bb link_option_url=\u00bbtel:5491155869801&#8243; link_option_url_new_window=\u00bbon\u00bb text_orientation_tablet=\u00bb\u00bb text_orientation_phone=\u00bbleft\u00bb text_orientation_last_edited=\u00bbon|phone\u00bb locked=\u00bboff\u00bb global_colors_info=\u00bb{}\u00bb][\/et_pb_blurb][et_pb_blurb title=\u00bbinfo@muge.com.ar\u00bb url=\u00bbmailto:info@muge.com.ar\u00bb url_new_window=\u00bbon\u00bb use_icon=\u00bbon\u00bb font_icon=\u00bb&#xe076;||divi||400&#8243; icon_color=\u00bb#90705c\u00bb icon_placement=\u00bbleft\u00bb image_icon_width=\u00bb18px\u00bb _builder_version=\u00bb4.27.0&#8243; _module_preset=\u00bbdefault\u00bb header_font=\u00bbLato|500|||||||\u00bb header_text_color=\u00bb#90705c\u00bb header_font_size=\u00bb16px\u00bb header_letter_spacing=\u00bb1px\u00bb image_icon_custom_margin=\u00bb-3px||||false|false\u00bb image_icon_custom_padding=\u00bb||||false|false\u00bb width=\u00bb214px\u00bb module_alignment=\u00bbleft\u00bb custom_margin=\u00bb||4px|||\u00bb link_option_url=\u00bbmailto:info@muge.com.ar\u00bb link_option_url_new_window=\u00bbon\u00bb locked=\u00bboff\u00bb global_colors_info=\u00bb{}\u00bb][\/et_pb_blurb][et_pb_blurb title=\u00bb+54 11-4400-5000&#8243; url=\u00bbhttps:\/\/api.whatsapp.com\/send\/?phone=5491144005000&#038;text&#038;type=phone_number&#038;app_absent=0&#8243; url_new_window=\u00bbon\u00bb use_icon=\u00bbon\u00bb font_icon=\u00bb&#xf232;||fa||400&#8243; icon_color=\u00bb#90705c\u00bb icon_placement=\u00bbleft\u00bb image_icon_width=\u00bb18px\u00bb _builder_version=\u00bb4.27.0&#8243; _module_preset=\u00bbdefault\u00bb header_font=\u00bbLato|500|||||||\u00bb header_text_color=\u00bb#90705c\u00bb header_font_size=\u00bb16px\u00bb header_letter_spacing=\u00bb1px\u00bb image_icon_custom_margin=\u00bb-3px||||false|false\u00bb image_icon_custom_padding=\u00bb||||false|false\u00bb module_alignment=\u00bbleft\u00bb custom_margin=\u00bb||4px|||\u00bb link_option_url=\u00bbhttps:\/\/api.whatsapp.com\/send\/?phone=5491144005000&#038;text&#038;type=phone_number&#038;app_absent=0&#8243; link_option_url_new_window=\u00bbon\u00bb custom_css_main_element=\u00bbtext-align: left;||float: left;\u00bb locked=\u00bboff\u00bb global_colors_info=\u00bb{}\u00bb][\/et_pb_blurb][\/et_pb_column][et_pb_column type=\u00bb1_2&#8243; _builder_version=\u00bb4.27.0&#8243; _module_preset=\u00bbdefault\u00bb custom_padding=\u00bb15px|35px|15px|35px|true|true\u00bb custom_padding_tablet=\u00bb15px|35px|15px|35px|true|true\u00bb custom_padding_phone=\u00bb10px|5px|10px|5px|true|true\u00bb custom_padding_last_edited=\u00bbon|phone\u00bb global_colors_info=\u00bb{}\u00bb][et_pb_code _builder_version=\u00bb4.27.0&#8243; _module_preset=\u00bbdefault\u00bb custom_padding_tablet=\u00bb\u00bb custom_padding_phone=\u00bb|15px||15px|false|true\u00bb custom_padding_last_edited=\u00bbon|phone\u00bb global_colors_info=\u00bb{}\u00bb]<form id=\"forminator-module-161\" class=\"forminator-custom-form forminator-custom-form-161\" method=\"post\" data-forminator-render=\"0\" data-uid=\"69e17f8b3063a\" action=\"\"><div role=\"alert\" aria-live=\"polite\" class=\"forminator-response-message forminator-error\" aria-hidden=\"true\"><\/div><input type=\"hidden\" name=\"trp-form-language\" value=\"en\"\/><\/form>[\/et_pb_code][\/et_pb_column][\/et_pb_row][\/et_pb_section]<\/p>","protected":false},"excerpt":{"rendered":"<p>CONTACTANOSMuge es una empresa argentina con m\u00e1s de 30 a\u00f1os de experiencia en el mercado de carnes vacunas premium, abasteciendo al mercado local y con presencia en m\u00e1s de 30 pa\u00edses en el mundo.<form id=\"forminator-module-161\" class=\"forminator-custom-form forminator-custom-form-161\" method=\"post\" data-forminator-render=\"1\" data-uid=\"69e17f8bb68be\" action=\"\"><div role=\"alert\" aria-live=\"polite\" class=\"forminator-response-message forminator-error\" aria-hidden=\"true\"><\/div><input type=\"hidden\" name=\"trp-form-language\" value=\"en\"\/><\/form><\/p>","protected":false},"author":1,"featured_media":0,"parent":0,"menu_order":0,"comment_status":"closed","ping_status":"closed","template":"","meta":{"_et_pb_use_builder":"on","_et_pb_old_content":"","_et_gb_content_width":"","footnotes":""},"class_list":["post-24","page","type-page","status-publish","hentry"],"yoast_head":"<!-- This site is optimized with the Yoast SEO plugin v26.5 - https:\/\/yoast.com\/wordpress\/plugins\/seo\/ -->\n<title>Contacto - Muge<\/title>\n<meta name=\"robots\" content=\"index, follow, max-snippet:-1, max-image-preview:large, max-video-preview:-1\" \/>\n<link rel=\"canonical\" href=\"https:\/\/muge.com.ar\/en\/contacto\/\" \/>\n<meta property=\"og:locale\" content=\"en_US\" \/>\n<meta property=\"og:type\" content=\"article\" \/>\n<meta property=\"og:title\" content=\"Contacto - Muge\" \/>\n<meta property=\"og:description\" content=\"CONTACTANOSMuge es una empresa argentina con m\u00e1s de 30 a\u00f1os de experiencia en el mercado de carnes vacunas premium, abasteciendo al mercado local y con presencia en m\u00e1s de 30 pa\u00edses en el mundo.\" \/>\n<meta property=\"og:url\" content=\"https:\/\/muge.com.ar\/en\/contacto\/\" \/>\n<meta property=\"og:site_name\" content=\"Muge\" \/>\n<meta property=\"article:modified_time\" content=\"2024-10-21T00:19:10+00:00\" \/>\n<meta name=\"twitter:card\" content=\"summary_large_image\" \/>\n<meta name=\"twitter:label1\" content=\"Est. reading time\" \/>\n\t<meta name=\"twitter:data1\" content=\"4 minutes\" \/>\n<script type=\"application\/ld+json\" class=\"yoast-schema-graph\">{\"@context\":\"https:\/\/schema.org\",\"@graph\":[{\"@type\":\"WebPage\",\"@id\":\"https:\/\/muge.com.ar\/contacto\/\",\"url\":\"https:\/\/muge.com.ar\/contacto\/\",\"name\":\"Contacto - Muge\",\"isPartOf\":{\"@id\":\"https:\/\/muge.com.ar\/#website\"},\"datePublished\":\"2024-09-25T14:07:15+00:00\",\"dateModified\":\"2024-10-21T00:19:10+00:00\",\"breadcrumb\":{\"@id\":\"https:\/\/muge.com.ar\/contacto\/#breadcrumb\"},\"inLanguage\":\"en-US\",\"potentialAction\":[{\"@type\":\"ReadAction\",\"target\":[\"https:\/\/muge.com.ar\/contacto\/\"]}]},{\"@type\":\"BreadcrumbList\",\"@id\":\"https:\/\/muge.com.ar\/contacto\/#breadcrumb\",\"itemListElement\":[{\"@type\":\"ListItem\",\"position\":1,\"name\":\"Portada\",\"item\":\"https:\/\/muge.com.ar\/\"},{\"@type\":\"ListItem\",\"position\":2,\"name\":\"Contacto\"}]},{\"@type\":\"WebSite\",\"@id\":\"https:\/\/muge.com.ar\/#website\",\"url\":\"https:\/\/muge.com.ar\/\",\"name\":\"Muge\",\"description\":\"Muge\",\"publisher\":{\"@id\":\"https:\/\/muge.com.ar\/#organization\"},\"potentialAction\":[{\"@type\":\"SearchAction\",\"target\":{\"@type\":\"EntryPoint\",\"urlTemplate\":\"https:\/\/muge.com.ar\/?s={search_term_string}\"},\"query-input\":{\"@type\":\"PropertyValueSpecification\",\"valueRequired\":true,\"valueName\":\"search_term_string\"}}],\"inLanguage\":\"en-US\"},{\"@type\":\"Organization\",\"@id\":\"https:\/\/muge.com.ar\/#organization\",\"name\":\"Muge\",\"url\":\"https:\/\/muge.com.ar\/\",\"logo\":{\"@type\":\"ImageObject\",\"inLanguage\":\"en-US\",\"@id\":\"https:\/\/muge.com.ar\/#\/schema\/logo\/image\/\",\"url\":\"https:\/\/muge.com.ar\/wp-content\/uploads\/2024\/10\/cropped-WhatsApp-Image-2023-10-27-at-13.13.19-1.jpeg\",\"contentUrl\":\"https:\/\/muge.com.ar\/wp-content\/uploads\/2024\/10\/cropped-WhatsApp-Image-2023-10-27-at-13.13.19-1.jpeg\",\"width\":512,\"height\":512,\"caption\":\"Muge\"},\"image\":{\"@id\":\"https:\/\/muge.com.ar\/#\/schema\/logo\/image\/\"}}]}<\/script>\n<!-- \/ Yoast SEO plugin. -->","yoast_head_json":{"title":"Contacto - Muge","robots":{"index":"index","follow":"follow","max-snippet":"max-snippet:-1","max-image-preview":"max-image-preview:large","max-video-preview":"max-video-preview:-1"},"canonical":"https:\/\/muge.com.ar\/en\/contacto\/","og_locale":"en_US","og_type":"article","og_title":"Contacto - Muge","og_description":"CONTACTANOSMuge es una empresa argentina con m\u00e1s de 30 a\u00f1os de experiencia en el mercado de carnes vacunas premium, abasteciendo al mercado local y con presencia en m\u00e1s de 30 pa\u00edses en el mundo.","og_url":"https:\/\/muge.com.ar\/en\/contacto\/","og_site_name":"Muge","article_modified_time":"2024-10-21T00:19:10+00:00","twitter_card":"summary_large_image","twitter_misc":{"Est. reading time":"4 minutes"},"schema":{"@context":"https:\/\/schema.org","@graph":[{"@type":"WebPage","@id":"https:\/\/muge.com.ar\/contacto\/","url":"https:\/\/muge.com.ar\/contacto\/","name":"Contacto - Muge","isPartOf":{"@id":"https:\/\/muge.com.ar\/#website"},"datePublished":"2024-09-25T14:07:15+00:00","dateModified":"2024-10-21T00:19:10+00:00","breadcrumb":{"@id":"https:\/\/muge.com.ar\/contacto\/#breadcrumb"},"inLanguage":"en-US","potentialAction":[{"@type":"ReadAction","target":["https:\/\/muge.com.ar\/contacto\/"]}]},{"@type":"BreadcrumbList","@id":"https:\/\/muge.com.ar\/contacto\/#breadcrumb","itemListElement":[{"@type":"ListItem","position":1,"name":"Portada","item":"https:\/\/muge.com.ar\/"},{"@type":"ListItem","position":2,"name":"Contacto"}]},{"@type":"WebSite","@id":"https:\/\/muge.com.ar\/#website","url":"https:\/\/muge.com.ar\/","name":"Muge","description":"Muge","publisher":{"@id":"https:\/\/muge.com.ar\/#organization"},"potentialAction":[{"@type":"SearchAction","target":{"@type":"EntryPoint","urlTemplate":"https:\/\/muge.com.ar\/?s={search_term_string}"},"query-input":{"@type":"PropertyValueSpecification","valueRequired":true,"valueName":"search_term_string"}}],"inLanguage":"en-US"},{"@type":"Organization","@id":"https:\/\/muge.com.ar\/#organization","name":"Muge","url":"https:\/\/muge.com.ar\/","logo":{"@type":"ImageObject","inLanguage":"en-US","@id":"https:\/\/muge.com.ar\/#\/schema\/logo\/image\/","url":"https:\/\/muge.com.ar\/wp-content\/uploads\/2024\/10\/cropped-WhatsApp-Image-2023-10-27-at-13.13.19-1.jpeg","contentUrl":"https:\/\/muge.com.ar\/wp-content\/uploads\/2024\/10\/cropped-WhatsApp-Image-2023-10-27-at-13.13.19-1.jpeg","width":512,"height":512,"caption":"Muge"},"image":{"@id":"https:\/\/muge.com.ar\/#\/schema\/logo\/image\/"}}]}},"_links":{"self":[{"href":"https:\/\/muge.com.ar\/en\/wp-json\/wp\/v2\/pages\/24","targetHints":{"allow":["GET"]}}],"collection":[{"href":"https:\/\/muge.com.ar\/en\/wp-json\/wp\/v2\/pages"}],"about":[{"href":"https:\/\/muge.com.ar\/en\/wp-json\/wp\/v2\/types\/page"}],"author":[{"embeddable":true,"href":"https:\/\/muge.com.ar\/en\/wp-json\/wp\/v2\/users\/1"}],"replies":[{"embeddable":true,"href":"https:\/\/muge.com.ar\/en\/wp-json\/wp\/v2\/comments?post=24"}],"version-history":[{"count":5,"href":"https:\/\/muge.com.ar\/en\/wp-json\/wp\/v2\/pages\/24\/revisions"}],"predecessor-version":[{"id":258,"href":"https:\/\/muge.com.ar\/en\/wp-json\/wp\/v2\/pages\/24\/revisions\/258"}],"wp:attachment":[{"href":"https:\/\/muge.com.ar\/en\/wp-json\/wp\/v2\/media?parent=24"}],"curies":[{"name":"wp","href":"https:\/\/api.w.org\/{rel}","templated":true}]}}