{"id":14,"date":"2024-09-25T16:06:13","date_gmt":"2024-09-25T14:06:13","guid":{"rendered":"https:\/\/webs.digitalpbs.com\/muge\/?page_id=14"},"modified":"2024-11-06T01:54:50","modified_gmt":"2024-11-06T00:54:50","slug":"quienes-somos","status":"publish","type":"page","link":"https:\/\/muge.com.ar\/en\/quienes-somos\/","title":{"rendered":"Who we are"},"content":{"rendered":"<p>[et_pb_section fb_built=\u00bb1&#8243; _builder_version=\u00bb4.27.0&#8243; _module_preset=\u00bbdefault\u00bb background_color=\u00bbrgba(0,0,0,0.9)\u00bb height=\u00bb25px\u00bb custom_padding=\u00bb4px|||||\u00bb da_disable_devices=\u00bboff|off|off\u00bb global_colors_info=\u00bb{}\u00bb da_is_popup=\u00bboff\u00bb da_exit_intent=\u00bboff\u00bb da_has_close=\u00bbon\u00bb da_alt_close=\u00bboff\u00bb da_dark_close=\u00bboff\u00bb da_not_modal=\u00bbon\u00bb da_is_singular=\u00bboff\u00bb da_with_loader=\u00bboff\u00bb da_has_shadow=\u00bbon\u00bb][\/et_pb_section][et_pb_section fb_built=\u00bb1&#8243; _builder_version=\u00bb4.27.0&#8243; _module_preset=\u00bbdefault\u00bb background_color=\u00bbrgba(0,0,0,0.9)\u00bb da_disable_devices=\u00bboff|off|off\u00bb global_colors_info=\u00bb{}\u00bb da_is_popup=\u00bboff\u00bb da_exit_intent=\u00bboff\u00bb da_has_close=\u00bbon\u00bb da_alt_close=\u00bboff\u00bb da_dark_close=\u00bboff\u00bb da_not_modal=\u00bbon\u00bb da_is_singular=\u00bboff\u00bb da_with_loader=\u00bboff\u00bb da_has_shadow=\u00bbon\u00bb][et_pb_row column_structure=\u00bb1_2,1_2&#8243; use_custom_gutter=\u00bbon\u00bb make_equal=\u00bbon\u00bb _builder_version=\u00bb4.27.2&#8243; _module_preset=\u00bbdefault\u00bb background_color=\u00bb#000000&#8243; width=\u00bb90%\u00bb max_width=\u00bb1366px\u00bb custom_padding=\u00bb75px||75px||true|false\u00bb custom_css_main_element=\u00bbdisplay: flex;\u00bb global_colors_info=\u00bb{}\u00bb custom_css_main_element_last_edited=\u00bbon|phone\u00bb custom_css_main_element_phone=\u00bbdisplay: flex;||flex-direction:column;\u00bb custom_css_main_element_tablet=\u00bbdisplay: flex;\u00bb][et_pb_column type=\u00bb1_2&#8243; _builder_version=\u00bb4.27.2&#8243; _module_preset=\u00bbdefault\u00bb custom_padding=\u00bb|||2%|false|false\u00bb animation_direction=\u00bbleft\u00bb custom_css_main_element=\u00bbmargin: auto;\u00bb global_colors_info=\u00bb{}\u00bb][ba_animated_text animated_text=\u00bb%91{%22value%22:%22Quienes Somos%22,%22checked%22:0,%22dragID%22:-1}%93&#8243; use_loop=\u00bboff\u00bb animated_stroke_color=\u00bb#FFFFFF\u00bb _builder_version=\u00bb4.27.0&#8243; _module_preset=\u00bbdefault\u00bb animated_font=\u00bbCormorant SC|600||on|||||\u00bb animated_text_color=\u00bb#FFFFFF\u00bb main_font=\u00bbCormorant SC|600||on|||||\u00bb main_text_color=\u00bb#FFFFFF\u00bb main_font_size=\u00bb28px\u00bb custom_margin=\u00bb||21px|||\u00bb global_colors_info=\u00bb{}\u00bb][\/ba_animated_text][et_pb_text _builder_version=\u00bb4.27.0&#8243; _module_preset=\u00bbdefault\u00bb text_font=\u00bbLato||||||||\u00bb text_text_color=\u00bb#9d9d9d\u00bb text_font_size=\u00bb16px\u00bb max_width=\u00bb500px\u00bb global_colors_info=\u00bb{}\u00bb]<\/p>\n<p><span style=\"font-weight: 400;\">Muge is an Argentine company with more than 30 years of experience in the premium beef market, supplying the local market and with a presence in more than 30 countries in the world. Our commitment to quality is evidenced by the development of our own infrastructure, which allows us to cover all stages of the meat production cycle.<\/span><\/p>\n<p>[\/et_pb_text][et_pb_button button_url=\u00bb@ET-DC@eyJkeW5hbWljIjp0cnVlLCJjb250ZW50IjoicG9zdF9saW5rX3VybF9wYWdlIiwic2V0dGluZ3MiOnsicG9zdF9pZCI6IjI0In19@\u00bb button_text=\u00bb\u00a1Contactanos!\u00bb _builder_version=\u00bb4.27.2&#8243; _dynamic_attributes=\u00bbbutton_url\u00bb _module_preset=\u00bbdefault\u00bb custom_button=\u00bbon\u00bb button_text_size=\u00bb18px\u00bb button_text_color=\u00bb#FFFFFF\u00bb button_bg_color=\u00bb#90705c\u00bb button_border_color=\u00bb#90705c\u00bb button_font=\u00bbCormorant SC|700|||||||\u00bb custom_padding=\u00bb10px||10px||true|false\u00bb global_colors_info=\u00bb{}\u00bb][\/et_pb_button][\/et_pb_column][et_pb_column type=\u00bb1_2&#8243; _builder_version=\u00bb4.27.2&#8243; _module_preset=\u00bbdefault\u00bb global_colors_info=\u00bb{}\u00bb][ba_image_carousel content_alignment=\u00bbcenter\u00bb slide_spacing=\u00bb5px\u00bb is_center=\u00bbon\u00bb carousel_spacing_top=\u00bb5px\u00bb carousel_spacing_bottom=\u00bb5px\u00bb nav_height=\u00bb48px\u00bb nav_width=\u00bb48px\u00bb nav_color=\u00bb#ffffff\u00bb nav_bg=\u00bb#90705c\u00bb icon_left=\u00bb&#xf104;||fa||900&#8243; icon_right=\u00bb&#xf105;||fa||900&#8243; _builder_version=\u00bb4.27.2&#8243; _module_preset=\u00bbdefault\u00bb custom_margin=\u00bb0px||0px||true|false\u00bb custom_padding=\u00bb0px||0px||true|false\u00bb hover_enabled=\u00bb0&#8243; global_colors_info=\u00bb{}\u00bb slide_count_last_edited=\u00bbon|phone\u00bb sticky_enabled=\u00bb0&#8243; is_variable_width=\u00bbon\u00bb][ba_image_carousel_child photo=\u00bbhttps:\/\/muge.com.ar\/wp-content\/uploads\/2024\/10\/WhatsApp-Image-2023-10-27-at-13.13.19-1.jpeg\u00bb image_height=\u00bb250px\u00bb image_hover_animation=\u00bbzoom-in\u00bb _builder_version=\u00bb4.27.0&#8243; global_colors_info=\u00bb{}\u00bb][\/ba_image_carousel_child][ba_image_carousel_child photo=\u00bbhttps:\/\/muge.com.ar\/wp-content\/uploads\/2024\/10\/TOMAHAWK-banner-scaled.jpg\u00bb content_alignment=\u00bbcenter\u00bb image_height=\u00bb250px\u00bb image_hover_animation=\u00bbzoom-in\u00bb _builder_version=\u00bb4.27.0&#8243; global_colors_info=\u00bb{}\u00bb][\/ba_image_carousel_child][\/ba_image_carousel][\/et_pb_column][\/et_pb_row][\/et_pb_section][et_pb_section fb_built=\u00bb1&#8243; _builder_version=\u00bb4.27.0&#8243; _module_preset=\u00bbdefault\u00bb background_color=\u00bbrgba(0,0,0,0.9)\u00bb height=\u00bb25px\u00bb custom_padding=\u00bb2px|||||\u00bb da_disable_devices=\u00bboff|off|off\u00bb global_colors_info=\u00bb{}\u00bb da_is_popup=\u00bboff\u00bb da_exit_intent=\u00bboff\u00bb da_has_close=\u00bbon\u00bb da_alt_close=\u00bboff\u00bb da_dark_close=\u00bboff\u00bb da_not_modal=\u00bbon\u00bb da_is_singular=\u00bboff\u00bb da_with_loader=\u00bboff\u00bb da_has_shadow=\u00bbon\u00bb][\/et_pb_section]<\/p>","protected":false},"excerpt":{"rendered":"<p><div class=\"et_pb_module ba_animated_text ba_animated_text_0\">\n\t\t\t\t\n\t\t\t\t\n\t\t\t\t\n\t\t\t\t\n\t\t\t\t\n\t\t\t\t\n\t\t\t\t<div class=\"et_pb_module_inner\">\n\t\t\t\t\t<div id=\"dtq-animated-text-0\" class=\"dtq-module dtq-animated-text dtq-front\" data-settings=\"{&quot;strings&quot;:[&quot;Quienes Somos&quot;],&quot;showCursor&quot;:true,&quot;loop&quot;:false,&quot;typeSpeed&quot;:100,&quot;startDelay&quot;:300,&quot;backSpeed&quot;:50,&quot;backDelay&quot;:500}\" data-type=\"typed\">\n\t\t\t\t<h3 class=\"dtq-animated-text-head\">\n\t\t\t\t\t <div class=\"dtq-text-animation dtq-animated-text-main dtq-typed-text\"><\/div> \n\t\t\t\t<\/h3>\n\t\t\t<\/div>\n\t\t\t\t<\/div>\n\t\t\t<\/div>Muge es una empresa argentina con m\u00e1s de 30 a\u00f1os de experiencia en el mercado de carnes vacunas premium, abasteciendo al mercado local y con presencia en m\u00e1s de 30 pa\u00edses en el mundo. Nuestro compromiso con la calidad se [&hellip;]<\/p>","protected":false},"author":1,"featured_media":0,"parent":0,"menu_order":0,"comment_status":"closed","ping_status":"closed","template":"","meta":{"_et_pb_use_builder":"on","_et_pb_old_content":"","_et_gb_content_width":"","footnotes":""},"class_list":["post-14","page","type-page","status-publish","hentry"],"yoast_head":"<!-- This site is optimized with the Yoast SEO plugin v26.5 - https:\/\/yoast.com\/wordpress\/plugins\/seo\/ -->\n<title>Quienes Somos - Muge<\/title>\n<meta name=\"robots\" content=\"index, follow, max-snippet:-1, max-image-preview:large, max-video-preview:-1\" \/>\n<link rel=\"canonical\" href=\"https:\/\/muge.com.ar\/en\/quienes-somos\/\" \/>\n<meta property=\"og:locale\" content=\"en_US\" \/>\n<meta property=\"og:type\" content=\"article\" \/>\n<meta property=\"og:title\" content=\"Quienes Somos - Muge\" \/>\n<meta property=\"og:description\" content=\"Muge es una empresa argentina con m\u00e1s de 30 a\u00f1os de experiencia en el mercado de carnes vacunas premium, abasteciendo al mercado local y con presencia en m\u00e1s de 30 pa\u00edses en el mundo. Nuestro compromiso con la calidad se [&hellip;]\" \/>\n<meta property=\"og:url\" content=\"https:\/\/muge.com.ar\/en\/quienes-somos\/\" \/>\n<meta property=\"og:site_name\" content=\"Muge\" \/>\n<meta property=\"article:modified_time\" content=\"2024-11-06T00:54:50+00:00\" \/>\n<meta name=\"twitter:card\" content=\"summary_large_image\" \/>\n<meta name=\"twitter:label1\" content=\"Est. reading time\" \/>\n\t<meta name=\"twitter:data1\" content=\"3 minutes\" \/>\n<script type=\"application\/ld+json\" class=\"yoast-schema-graph\">{\"@context\":\"https:\/\/schema.org\",\"@graph\":[{\"@type\":\"WebPage\",\"@id\":\"https:\/\/muge.com.ar\/quienes-somos\/\",\"url\":\"https:\/\/muge.com.ar\/quienes-somos\/\",\"name\":\"Quienes Somos - Muge\",\"isPartOf\":{\"@id\":\"https:\/\/muge.com.ar\/#website\"},\"datePublished\":\"2024-09-25T14:06:13+00:00\",\"dateModified\":\"2024-11-06T00:54:50+00:00\",\"breadcrumb\":{\"@id\":\"https:\/\/muge.com.ar\/quienes-somos\/#breadcrumb\"},\"inLanguage\":\"en-US\",\"potentialAction\":[{\"@type\":\"ReadAction\",\"target\":[\"https:\/\/muge.com.ar\/quienes-somos\/\"]}]},{\"@type\":\"BreadcrumbList\",\"@id\":\"https:\/\/muge.com.ar\/quienes-somos\/#breadcrumb\",\"itemListElement\":[{\"@type\":\"ListItem\",\"position\":1,\"name\":\"Portada\",\"item\":\"https:\/\/muge.com.ar\/\"},{\"@type\":\"ListItem\",\"position\":2,\"name\":\"Quienes Somos\"}]},{\"@type\":\"WebSite\",\"@id\":\"https:\/\/muge.com.ar\/#website\",\"url\":\"https:\/\/muge.com.ar\/\",\"name\":\"Muge\",\"description\":\"Muge\",\"publisher\":{\"@id\":\"https:\/\/muge.com.ar\/#organization\"},\"potentialAction\":[{\"@type\":\"SearchAction\",\"target\":{\"@type\":\"EntryPoint\",\"urlTemplate\":\"https:\/\/muge.com.ar\/?s={search_term_string}\"},\"query-input\":{\"@type\":\"PropertyValueSpecification\",\"valueRequired\":true,\"valueName\":\"search_term_string\"}}],\"inLanguage\":\"en-US\"},{\"@type\":\"Organization\",\"@id\":\"https:\/\/muge.com.ar\/#organization\",\"name\":\"Muge\",\"url\":\"https:\/\/muge.com.ar\/\",\"logo\":{\"@type\":\"ImageObject\",\"inLanguage\":\"en-US\",\"@id\":\"https:\/\/muge.com.ar\/#\/schema\/logo\/image\/\",\"url\":\"https:\/\/muge.com.ar\/wp-content\/uploads\/2024\/10\/cropped-WhatsApp-Image-2023-10-27-at-13.13.19-1.jpeg\",\"contentUrl\":\"https:\/\/muge.com.ar\/wp-content\/uploads\/2024\/10\/cropped-WhatsApp-Image-2023-10-27-at-13.13.19-1.jpeg\",\"width\":512,\"height\":512,\"caption\":\"Muge\"},\"image\":{\"@id\":\"https:\/\/muge.com.ar\/#\/schema\/logo\/image\/\"}}]}<\/script>\n<!-- \/ Yoast SEO plugin. -->","yoast_head_json":{"title":"Quienes Somos - Muge","robots":{"index":"index","follow":"follow","max-snippet":"max-snippet:-1","max-image-preview":"max-image-preview:large","max-video-preview":"max-video-preview:-1"},"canonical":"https:\/\/muge.com.ar\/en\/quienes-somos\/","og_locale":"en_US","og_type":"article","og_title":"Quienes Somos - Muge","og_description":"Muge es una empresa argentina con m\u00e1s de 30 a\u00f1os de experiencia en el mercado de carnes vacunas premium, abasteciendo al mercado local y con presencia en m\u00e1s de 30 pa\u00edses en el mundo. Nuestro compromiso con la calidad se [&hellip;]","og_url":"https:\/\/muge.com.ar\/en\/quienes-somos\/","og_site_name":"Muge","article_modified_time":"2024-11-06T00:54:50+00:00","twitter_card":"summary_large_image","twitter_misc":{"Est. reading time":"3 minutes"},"schema":{"@context":"https:\/\/schema.org","@graph":[{"@type":"WebPage","@id":"https:\/\/muge.com.ar\/quienes-somos\/","url":"https:\/\/muge.com.ar\/quienes-somos\/","name":"Quienes Somos - Muge","isPartOf":{"@id":"https:\/\/muge.com.ar\/#website"},"datePublished":"2024-09-25T14:06:13+00:00","dateModified":"2024-11-06T00:54:50+00:00","breadcrumb":{"@id":"https:\/\/muge.com.ar\/quienes-somos\/#breadcrumb"},"inLanguage":"en-US","potentialAction":[{"@type":"ReadAction","target":["https:\/\/muge.com.ar\/quienes-somos\/"]}]},{"@type":"BreadcrumbList","@id":"https:\/\/muge.com.ar\/quienes-somos\/#breadcrumb","itemListElement":[{"@type":"ListItem","position":1,"name":"Portada","item":"https:\/\/muge.com.ar\/"},{"@type":"ListItem","position":2,"name":"Quienes Somos"}]},{"@type":"WebSite","@id":"https:\/\/muge.com.ar\/#website","url":"https:\/\/muge.com.ar\/","name":"Muge","description":"Muge","publisher":{"@id":"https:\/\/muge.com.ar\/#organization"},"potentialAction":[{"@type":"SearchAction","target":{"@type":"EntryPoint","urlTemplate":"https:\/\/muge.com.ar\/?s={search_term_string}"},"query-input":{"@type":"PropertyValueSpecification","valueRequired":true,"valueName":"search_term_string"}}],"inLanguage":"en-US"},{"@type":"Organization","@id":"https:\/\/muge.com.ar\/#organization","name":"Muge","url":"https:\/\/muge.com.ar\/","logo":{"@type":"ImageObject","inLanguage":"en-US","@id":"https:\/\/muge.com.ar\/#\/schema\/logo\/image\/","url":"https:\/\/muge.com.ar\/wp-content\/uploads\/2024\/10\/cropped-WhatsApp-Image-2023-10-27-at-13.13.19-1.jpeg","contentUrl":"https:\/\/muge.com.ar\/wp-content\/uploads\/2024\/10\/cropped-WhatsApp-Image-2023-10-27-at-13.13.19-1.jpeg","width":512,"height":512,"caption":"Muge"},"image":{"@id":"https:\/\/muge.com.ar\/#\/schema\/logo\/image\/"}}]}},"_links":{"self":[{"href":"https:\/\/muge.com.ar\/en\/wp-json\/wp\/v2\/pages\/14","targetHints":{"allow":["GET"]}}],"collection":[{"href":"https:\/\/muge.com.ar\/en\/wp-json\/wp\/v2\/pages"}],"about":[{"href":"https:\/\/muge.com.ar\/en\/wp-json\/wp\/v2\/types\/page"}],"author":[{"embeddable":true,"href":"https:\/\/muge.com.ar\/en\/wp-json\/wp\/v2\/users\/1"}],"replies":[{"embeddable":true,"href":"https:\/\/muge.com.ar\/en\/wp-json\/wp\/v2\/comments?post=14"}],"version-history":[{"count":8,"href":"https:\/\/muge.com.ar\/en\/wp-json\/wp\/v2\/pages\/14\/revisions"}],"predecessor-version":[{"id":402,"href":"https:\/\/muge.com.ar\/en\/wp-json\/wp\/v2\/pages\/14\/revisions\/402"}],"wp:attachment":[{"href":"https:\/\/muge.com.ar\/en\/wp-json\/wp\/v2\/media?parent=14"}],"curies":[{"name":"wp","href":"https:\/\/api.w.org\/{rel}","templated":true}]}}